{"id":292,"date":"2019-06-29T17:18:06","date_gmt":"2019-06-29T15:18:06","guid":{"rendered":"https:\/\/www.tohubohu.top\/?page_id=292"},"modified":"2025-06-26T11:00:19","modified_gmt":"2025-06-26T09:00:19","slug":"presse-technique","status":"publish","type":"page","link":"https:\/\/www.tohubohu.top\/index.php\/presse-technique\/","title":{"rendered":"Espace pro et technique"},"content":{"rendered":"\n<div class=\"wp-block-columns has-2-columns is-layout-flex wp-container-core-columns-is-layout-1 wp-block-columns-is-layout-flex\">\n<div class=\"wp-block-column is-layout-flow wp-block-column-is-layout-flow\">\n<figure class=\"wp-block-image size-large\"><img loading=\"lazy\" decoding=\"async\" width=\"640\" height=\"960\" src=\"https:\/\/www.tohubohu.top\/wp-content\/uploads\/2025\/05\/Total-Local-3\u00a9Corinne-Couette-11-640x960.jpeg\" alt=\"\" class=\"wp-image-668\" srcset=\"https:\/\/www.tohubohu.top\/wp-content\/uploads\/2025\/05\/Total-Local-3\u00a9Corinne-Couette-11-640x960.jpeg 640w, https:\/\/www.tohubohu.top\/wp-content\/uploads\/2025\/05\/Total-Local-3\u00a9Corinne-Couette-11-200x300.jpeg 200w, https:\/\/www.tohubohu.top\/wp-content\/uploads\/2025\/05\/Total-Local-3\u00a9Corinne-Couette-11-768x1152.jpeg 768w, https:\/\/www.tohubohu.top\/wp-content\/uploads\/2025\/05\/Total-Local-3\u00a9Corinne-Couette-11-380x570.jpeg 380w, https:\/\/www.tohubohu.top\/wp-content\/uploads\/2025\/05\/Total-Local-3\u00a9Corinne-Couette-11-666x1000.jpeg 666w, https:\/\/www.tohubohu.top\/wp-content\/uploads\/2025\/05\/Total-Local-3\u00a9Corinne-Couette-11-410x615.jpeg 410w, https:\/\/www.tohubohu.top\/wp-content\/uploads\/2025\/05\/Total-Local-3\u00a9Corinne-Couette-11.jpeg 853w\" sizes=\"auto, (max-width: 640px) 100vw, 640px\" \/><\/figure>\n<\/div>\n\n\n\n<div class=\"wp-block-column is-layout-flow wp-block-column-is-layout-flow\">\n<hr class=\"wp-block-separator has-css-opacity\"\/>\n\n\n\n<div class=\"wp-block-button aligncenter\"><a class=\"wp-block-button__link has-luminous-vivid-orange-background-color has-background wp-element-button\" href=\"https:\/\/www.tohubohu.top\/wp-content\/uploads\/2025\/06\/fiche-technique-Tohu-bohu-03-2025.pdf\" target=\"_blank\" rel=\"noreferrer noopener\">La fiche technique<\/a><\/div>\n\n\n\n<hr class=\"wp-block-separator has-css-opacity\"\/>\n\n\n\n<p class=\"has-text-align-center has-very-light-gray-color has-text-color\">Acc\u00e9der \u00e0 la <a rel=\"noreferrer noopener\" aria-label=\"galerie photos HD (s\u2019ouvre dans un nouvel onglet)\" href=\"https:\/\/adobe.ly\/2V4aUdi\" target=\"_blank\"><strong><mark style=\"background-color:rgba(0, 0, 0, 0)\" class=\"has-inline-color has-luminous-vivid-amber-color\">Galerie photos HD<\/mark><\/strong><\/a><\/p>\n\n\n\n<p class=\"has-text-align-center has-white-color has-text-color\">T\u00e9l\u00e9charger le<a rel=\"noreferrer noopener\" aria-label=\"dossier de pr\u00e9sentation (s\u2019ouvre dans un nouvel onglet)\" href=\"https:\/\/drive.google.com\/open?id=1Nb0uKsKvCyTI7wCtI9T_MZeNcDF4XVGR\" target=\"_blank\"><strong><mark style=\"background-color:rgba(0, 0, 0, 0)\" class=\"has-inline-color has-luminous-vivid-amber-color\"> Texte de pr\u00e9sentation<\/mark><\/strong><\/a><\/p>\n\n\n\n<p class=\"has-text-align-center has-very-light-gray-color has-text-color\">T\u00e9l\u00e9charger le<strong><mark style=\"background-color:rgba(0, 0, 0, 0)\" class=\"has-inline-color has-luminous-vivid-amber-color\"> <\/mark><\/strong><a rel=\"noreferrer noopener\" aria-label=\"logo PDF (s\u2019ouvre dans un nouvel onglet)\" href=\"https:\/\/drive.google.com\/file\/d\/13pDSdJgc7bOxh1gy9Em_HGjqqBz3wGjy\/view?usp=sharing\" target=\"_blank\"><mark style=\"background-color:rgba(0, 0, 0, 0)\" class=\"has-inline-color has-luminous-vivid-amber-color\"><strong>L<\/strong><\/mark><\/a><a rel=\"noreferrer noopener\" aria-label=\"logo PDF (s\u2019ouvre dans un nouvel onglet)\" href=\"https:\/\/drive.google.com\/file\/d\/13pDSdJgc7bOxh1gy9Em_HGjqqBz3wGjy\/view?usp=sharing\" target=\"_blank\"><mark style=\"background-color:rgba(0, 0, 0, 0)\" class=\"has-inline-color has-luminous-vivid-amber-color\"><strong>ogo PDF<\/strong><\/mark><\/a><\/p>\n\n\n\n<p class=\"has-text-align-center has-white-color has-text-color\">T\u00e9l\u00e9charger le<mark style=\"background-color:rgba(0, 0, 0, 0)\" class=\"has-inline-color has-luminous-vivid-amber-color\"> <a rel=\"noreferrer noopener\" aria-label=\"logo PNG (s\u2019ouvre dans un nouvel onglet)\" href=\"https:\/\/drive.google.com\/file\/d\/1jJCCz0rcjd3CWtJ4aUpYjuOTEjOu1t-n\/view?usp=sharing\" target=\"_blank\"><strong>Logo PNG<\/strong><\/a> <\/mark><br>(fond transparent)<\/p>\n\n\n\n<hr class=\"wp-block-separator has-css-opacity\"\/>\n\n\n\n<p class=\"has-text-align-center has-very-light-gray-color has-text-color has-medium-font-size\">Pour la programmation :<br>Maya 06 87 15 52 47<br>Charg\u00e9e de diffusion <br><\/p>\n<\/div>\n<\/div>\n\n\n\n<p><\/p>\n","protected":false},"excerpt":{"rendered":"<p>Acc\u00e9der \u00e0 la Galerie photos HD T\u00e9l\u00e9charger le Texte de pr\u00e9sentation T\u00e9l\u00e9charger le Logo PDF T\u00e9l\u00e9charger le Logo PNG (fond transparent) Pour la programmation :Maya 06 87 15 52 47Charg\u00e9e [&#8230;]<\/p>\n<p><a rel=\"bookmark\" class=\"more-link button\" href=\"https:\/\/www.tohubohu.top\/index.php\/presse-technique\/\">Lire la suite  &rarr;<\/a><\/p>\n","protected":false},"author":1,"featured_media":0,"parent":0,"menu_order":0,"comment_status":"closed","ping_status":"closed","template":"page-templates\/full-width.php","meta":{"footnotes":""},"class_list":["post-292","page","type-page","status-publish","hentry","no-thumbnail"],"_links":{"self":[{"href":"https:\/\/www.tohubohu.top\/index.php\/wp-json\/wp\/v2\/pages\/292","targetHints":{"allow":["GET"]}}],"collection":[{"href":"https:\/\/www.tohubohu.top\/index.php\/wp-json\/wp\/v2\/pages"}],"about":[{"href":"https:\/\/www.tohubohu.top\/index.php\/wp-json\/wp\/v2\/types\/page"}],"author":[{"embeddable":true,"href":"https:\/\/www.tohubohu.top\/index.php\/wp-json\/wp\/v2\/users\/1"}],"replies":[{"embeddable":true,"href":"https:\/\/www.tohubohu.top\/index.php\/wp-json\/wp\/v2\/comments?post=292"}],"version-history":[{"count":1,"href":"https:\/\/www.tohubohu.top\/index.php\/wp-json\/wp\/v2\/pages\/292\/revisions"}],"predecessor-version":[{"id":753,"href":"https:\/\/www.tohubohu.top\/index.php\/wp-json\/wp\/v2\/pages\/292\/revisions\/753"}],"wp:attachment":[{"href":"https:\/\/www.tohubohu.top\/index.php\/wp-json\/wp\/v2\/media?parent=292"}],"curies":[{"name":"wp","href":"https:\/\/api.w.org\/{rel}","templated":true}]}}